{"id":2146,"date":"2020-06-02T13:19:46","date_gmt":"2020-06-02T17:19:46","guid":{"rendered":"https:\/\/www.exoautomobiles.com\/evenements\/"},"modified":"2020-10-19T11:29:37","modified_gmt":"2020-10-19T15:29:37","slug":"events","status":"publish","type":"page","link":"https:\/\/www.exoautomobiles.com\/en\/events\/","title":{"rendered":"Events"},"content":{"rendered":"<div id=\"pl-2146\"  class=\"panel-layout\" ><div id=\"pg-2146-0\"  class=\"panel-grid panel-has-style\" ><div class=\"siteorigin-panels-stretch boxed background-display-auto panel-row-style panel-row-style-for-2146-0\" ><div id=\"pgc-2146-0-0\"  class=\"panel-grid-cell\" ><div id=\"panel-2146-0-0-0\" class=\"so-panel widget widget_texte_generique panel-first-child panel-last-child\" data-index=\"0\" ><div\n\t\t\t\n\t\t\tclass=\"so-widget-texte_generique so-widget-texte_generique-base\"\n\t\t\t\n\t\t>\n<div class=\"texte-generique-container alignement-center\">\n\t\n\t<div class=\"texte-generique-content textwidget\">\n\t\t<p>Lorem ipsum dolor sit amet, consectetur adipiscing elit. Fusce cursus ante sit amet nisl semper, vel ornare massa hendrerit.<\/p>\n<p>Fusce augue sapien, ornare quis posuere in, aliquet id felis. Phasellus et eros convallis, lacinia erat vel, fringilla nisi. Proin sed laoreet ipsum, quis bibendum velit. Curabitur id est iaculis nisl placerat dapibus in vel sapien.<\/p>\n\t\t\t<a  href=\"#\">\n\t\t\t\t\t\t\t<\/a>\n\t\t\t\t<\/div>\n<\/div>\n<\/div><\/div><\/div><\/div><\/div><div id=\"pg-2146-1\"  class=\"panel-grid panel-has-style\" ><div class=\"siteorigin-panels-stretch full background-display-auto panel-row-style panel-row-style-for-2146-1\" ><div id=\"pgc-2146-1-0\"  class=\"panel-grid-cell\" ><div id=\"panel-2146-1-0-0\" class=\"so-panel widget widget_sow-simple-masonry panel-first-child panel-last-child\" data-index=\"1\" ><div\n\t\t\t\n\t\t\tclass=\"so-widget-sow-simple-masonry so-widget-sow-simple-masonry-default-d75171398898-2146\"\n\t\t\t\n\t\t>\n\n<div class=\"sow-masonry-grid\"\n\t data-layouts=\"{&quot;desktop&quot;:{&quot;numColumns&quot;:4,&quot;rowHeight&quot;:330,&quot;gutter&quot;:10},&quot;tablet&quot;:{&quot;breakPoint&quot;:768,&quot;numColumns&quot;:2,&quot;rowHeight&quot;:0,&quot;gutter&quot;:10},&quot;mobile&quot;:{&quot;breakPoint&quot;:480,&quot;numColumns&quot;:1,&quot;rowHeight&quot;:0,&quot;gutter&quot;:10}}\" data-layout-origin-left=\"true\" >\n\t\t\t\t<div class=\"sow-masonry-grid-item\" data-col-span=\"1\"\n\t\t\t     data-row-span=\"1\">\n\t\t\t\t\n\t\t\t\t\n\t\t\t\t\n\t\t\t\t\n\t\t\t\t\t\t\t<\/div>\n\t\t\t\t\t\t<div class=\"sow-masonry-grid-item\" data-col-span=\"1\"\n\t\t\t     data-row-span=\"2\">\n\t\t\t\t\n\t\t\t\t\n\t\t\t\t\n\t\t\t\t\n\t\t\t\t\t\t\t<\/div>\n\t\t\t\t\t\t<div class=\"sow-masonry-grid-item\" data-col-span=\"1\"\n\t\t\t     data-row-span=\"1\">\n\t\t\t\t\n\t\t\t\t\n\t\t\t\t\n\t\t\t\t\n\t\t\t\t\t\t\t<\/div>\n\t\t\t\t\t\t<div class=\"sow-masonry-grid-item\" data-col-span=\"1\"\n\t\t\t     data-row-span=\"2\">\n\t\t\t\t\n\t\t\t\t\n\t\t\t\t\n\t\t\t\t\n\t\t\t\t\t\t\t<\/div>\n\t\t\t\t\t\t<div class=\"sow-masonry-grid-item\" data-col-span=\"1\"\n\t\t\t     data-row-span=\"2\">\n\t\t\t\t\n\t\t\t\t\n\t\t\t\t\n\t\t\t\t\n\t\t\t\t\t\t\t<\/div>\n\t\t\t\t\t\t<div class=\"sow-masonry-grid-item\" data-col-span=\"1\"\n\t\t\t     data-row-span=\"2\">\n\t\t\t\t\n\t\t\t\t\n\t\t\t\t\n\t\t\t\t\n\t\t\t\t\t\t\t<\/div>\n\t\t\t\t\t\t<div class=\"sow-masonry-grid-item\" data-col-span=\"1\"\n\t\t\t     data-row-span=\"1\">\n\t\t\t\t\n\t\t\t\t\n\t\t\t\t\n\t\t\t\t\n\t\t\t\t\t\t\t<\/div>\n\t\t\t\t\t\t<div class=\"sow-masonry-grid-item\" data-col-span=\"1\"\n\t\t\t     data-row-span=\"2\">\n\t\t\t\t\n\t\t\t\t\n\t\t\t\t\n\t\t\t\t\n\t\t\t\t\t\t\t<\/div>\n\t\t\t\t\t\t<div class=\"sow-masonry-grid-item\" data-col-span=\"1\"\n\t\t\t     data-row-span=\"1\">\n\t\t\t\t\n\t\t\t\t\n\t\t\t\t\n\t\t\t\t\n\t\t\t\t\t\t\t<\/div>\n\t\t\t\t\t\t<div class=\"sow-masonry-grid-item\" data-col-span=\"1\"\n\t\t\t     data-row-span=\"2\">\n\t\t\t\t\n\t\t\t\t\n\t\t\t\t\n\t\t\t\t\n\t\t\t\t\t\t\t<\/div>\n\t\t\t\t\t\t<div class=\"sow-masonry-grid-item\" data-col-span=\"1\"\n\t\t\t     data-row-span=\"1\">\n\t\t\t\t\n\t\t\t\t\n\t\t\t\t\n\t\t\t\t\n\t\t\t\t\t\t\t<\/div>\n\t\t\t\n<\/div>\n<\/div><\/div><\/div><\/div><\/div><div id=\"pg-2146-2\"  class=\"panel-grid panel-has-style\" ><div class=\"siteorigin-panels-stretch full background-display-auto panel-row-style panel-row-style-for-2146-2\" ><div id=\"pgc-2146-2-0\"  class=\"panel-grid-cell\" ><div id=\"panel-2146-2-0-0\" class=\"so-panel widget widget_siteorigin-panels-builder panel-first-child panel-last-child\" data-index=\"2\" ><div id=\"pl-w5ef268aa865df\"  class=\"panel-layout\" ><div id=\"pg-w5ef268aa865df-0\"  class=\"panel-grid panel-has-style\" ><div class=\"boxed panel-row-style panel-row-style-for-w5ef268aa865df-0\" ><div id=\"pgc-w5ef268aa865df-0-0\"  class=\"panel-grid-cell\" ><div id=\"panel-w5ef268aa865df-0-0-0\" class=\"so-panel widget widget_exo-texte-introduction panel-first-child\" data-index=\"0\" ><div\n\t\t\t\n\t\t\tclass=\"so-widget-exo-texte-introduction so-widget-exo-texte-introduction-base\"\n\t\t\t\n\t\t><div class=\"section-container\">\n\t\t\t\t<h2 class=\"section-title\">\u00c9v\u00e9nements \u00e0 venir<\/h2>\n\t\t\t\n\t\t\n\t<\/div>\n<\/div><\/div><div id=\"panel-w5ef268aa865df-0-0-1\" class=\"so-panel widget widget_exo-carrousel-evenements widget_exo-evenements panel-last-child\" data-index=\"1\" ><div\n\t\t\t\n\t\t\tclass=\"so-widget-exo-carrousel-evenements so-widget-exo-carrousel-evenements-base\"\n\t\t\t\n\t\t><\/div><\/div><\/div><\/div><\/div><\/div><\/div><\/div><\/div><\/div><div id=\"pg-2146-3\"  class=\"panel-grid panel-has-style\" ><div class=\"boxed panel-row-style panel-row-style-for-2146-3\" ><div id=\"pgc-2146-3-0\"  class=\"panel-grid-cell\" ><div id=\"panel-2146-3-0-0\" class=\"so-panel widget widget_exo-historique-evenements widget_exo-evenements panel-first-child panel-last-child\" data-index=\"3\" ><div\n\t\t\t\n\t\t\tclass=\"so-widget-exo-historique-evenements so-widget-exo-historique-evenements-base\"\n\t\t\t\n\t\t><\/div><\/div><\/div><\/div><\/div><\/div>","protected":false},"excerpt":{"rendered":"<p>Lorem ipsum dolor sit amet, consectetur adipiscing elit. Fusce cursus ante sit amet nisl semper, vel ornare massa hendrerit. Fusce augue sapien, ornare quis posuere in, aliquet id felis. Phasellus et eros convallis, lacinia erat vel, fringilla nisi. Proin sed laoreet ipsum, quis bibendum velit. Curabitur id est iaculis nisl placerat dapibus in vel sapien. [&hellip;]<\/p>\n","protected":false},"author":9,"featured_media":0,"parent":0,"menu_order":6,"comment_status":"closed","ping_status":"closed","template":"","meta":{"inline_featured_image":false},"acf":[],"_links":{"self":[{"href":"https:\/\/www.exoautomobiles.com\/en\/wp-json\/wp\/v2\/pages\/2146"}],"collection":[{"href":"https:\/\/www.exoautomobiles.com\/en\/wp-json\/wp\/v2\/pages"}],"about":[{"href":"https:\/\/www.exoautomobiles.com\/en\/wp-json\/wp\/v2\/types\/page"}],"author":[{"embeddable":true,"href":"https:\/\/www.exoautomobiles.com\/en\/wp-json\/wp\/v2\/users\/9"}],"replies":[{"embeddable":true,"href":"https:\/\/www.exoautomobiles.com\/en\/wp-json\/wp\/v2\/comments?post=2146"}],"version-history":[{"count":2,"href":"https:\/\/www.exoautomobiles.com\/en\/wp-json\/wp\/v2\/pages\/2146\/revisions"}],"predecessor-version":[{"id":2148,"href":"https:\/\/www.exoautomobiles.com\/en\/wp-json\/wp\/v2\/pages\/2146\/revisions\/2148"}],"wp:attachment":[{"href":"https:\/\/www.exoautomobiles.com\/en\/wp-json\/wp\/v2\/media?parent=2146"}],"curies":[{"name":"wp","href":"https:\/\/api.w.org\/{rel}","templated":true}]}}